{"id":972,"date":"2024-05-20T14:27:53","date_gmt":"2024-05-20T11:27:53","guid":{"rendered":"https:\/\/www.prodrive.com.tr\/urunler\/uncategorized\/vlt-aqua-drive-fc-202\/"},"modified":"2025-01-13T13:38:23","modified_gmt":"2025-01-13T10:38:23","slug":"vlt-aqua-drive-fc-202","status":"publish","type":"product","link":"https:\/\/www.prodrive.com.tr\/en\/urun\/vlt-aqua-drive-fc-202\/","title":{"rendered":"VLT\u00ae AQUA Drive FC 202"},"content":{"rendered":"<p>The VLT\u00ae AQUA Drive FC 202 can operate and control all types of pumps. It is ideal for widely used centrifugal pumps (square load torque) as well as positive displacement pumps or eccentric screw pumps (constant load torque).<\/p>\n<h6><strong>Power Range<\/strong><\/h6>\n<p>1 \u00d7 200-240 V AC&#8230;&#8230;&#8230;&#8230;&#8230;&#8230;&#8230;1.1-2.2 kW<br \/>\n1 \u00d7 380-480 V AC&#8230;&#8230;&#8230;&#8230;&#8230;&#8230;&#8230;7.5-3.7 kW<br \/>\n3 \u00d7 200-240 V&#8230;&#8230;&#8230;&#8230;&#8230;&#8230;&#8230;&#8230;. 0.25-4.5 kW<br \/>\n3 \u00d7 380-480 V\u2026\u2026\u2026\u2026\u2026\u2026\u2026\u2026\u20260.37-100.0 kW<br \/>\n3 \u00d7 525-600 V\u2026\u2026\u2026\u2026\u2026\u2026\u2026\u2026\u2026 7.5-9.0 kW<br \/>\n3 \u00d7 525-690 V\u2026\u2026\u2026\u2026\u2026\u2026\u2026\u2026\u2026.4.5-14.0 kW<\/p>\n<h6><strong>Power Range &#8211; Low Harmonic Drive<\/strong><\/h6>\n<p>3 \u00d7 380-480 V\u2026\u2026\u2026\u2026\u2026\u2026\u2026\u2026.. 13.2-71.0 kW<\/p>\n<h6><strong>Power Range &#8211; 12 Pulse Drive<\/strong><\/h6>\n<p>3 \u00d7 380-480 V\u2026\u2026\u2026\u2026\u2026\u2026\u2026\u2026. 25.0-2.0 kW<\/p>\n<h6><strong>I\/O Information<\/strong><\/h6>\n<p>6xDI 2xHDI 2xRO 2xAI 1xAO<\/p>\n<h6><strong>Communication<\/strong><\/h6>\n<p>Standard\u2026\u2026\u2026\u2026\u2026\u2026\u2026\u2026\u2026. Modbus RTU<br \/>\nOptional\u2026\u2026\u2026\u2026\u2026\u2026\u2026\u2026\u2026.PN DN PB TCP EIP<\/p>\n<h6><strong>IP Protection Class<\/strong><\/h6>\n<p>Standard\u2026\u2026\u2026\u2026\u2026\u2026\u2026 IP20<br \/>\nOptional\u2026\u2026\u2026\u2026\u2026\u2026\u2026.IP00 IP21\/Type 1 IP54\/Type 12 IP55\/Type 12 IP66\/Type 4X<\/p>\n<h6><strong>Product Selection Guide<\/strong><\/h6>\n<p>For detailed technical information and document requests, please contact us.<\/p>\n<!--themify_builder_content-->\n<div id=\"themify_builder_content-972\" data-postid=\"972\" class=\"themify_builder_content themify_builder_content-972 themify_builder tf_clear\">\n                    <div  data-lazy=\"1\" class=\"module_row themify_builder_row tb_s0tj788 tb_first tf_w\">\n                        <div class=\"row_inner col_align_top tb_col_count_1 tf_box tf_rel\">\n                        <div  data-lazy=\"1\" class=\"module_column tb-column col-full tb_l9p3788 first\">\n                    <!-- module buttons -->\n<div  class=\"module module-buttons tb_ppfx788 buttons-horizontal solid  small\" data-lazy=\"1\">\n        <div class=\"module-buttons-item tf_in_flx\">\n                        <a href=\"https:\/\/www.prodrive.com.tr\/wp-content\/uploads\/2025\/01\/FC202-SELECTION-GUIDE.pdf\" class=\"ui builder_button tf_in_flx red\" target=\"_blank\" rel=\"noopener\">\n                                                \u00dcR\u00dcN SE\u00c7\u0130M KILAVUZU                                        <\/a>\n                <\/div>\n            <\/div>\n<!-- \/module buttons -->\n        <\/div>\n                        <\/div>\n        <\/div>\n                        <div  data-lazy=\"1\" class=\"module_row themify_builder_row tb_6700839 tf_w\">\n                        <div class=\"row_inner col_align_top tb_col_count_1 tf_box tf_rel\">\n                        <div  data-lazy=\"1\" class=\"module_column tb-column col-full tb_lbl1839 first\">\n                    <!-- module text -->\n<div  class=\"module module-text tb_yo7n796   \" data-lazy=\"1\">\n        <div  class=\"tb_text_wrap\">\n        <p>Detayl\u0131 teknik bilgi ve dok\u00fcman talepleriniz i\u00e7in ileti\u015fime ge\u00e7menizi rica ederiz.<\/p>\n    <\/div>\n<\/div>\n<!-- \/module text -->        <\/div>\n                        <\/div>\n        <\/div>\n        <\/div>\n<!--\/themify_builder_content-->","protected":false},"excerpt":{"rendered":"<p>The VLT\u00ae AQUA Drive FC 202 can operate and control all types of pumps. It is ideal for widely used centrifugal pumps (square load torque) as well as positive displacement pumps or eccentric screw pumps (constant load torque). Power Range 1 \u00d7 200-240 V AC&#8230;&#8230;&#8230;&#8230;&#8230;&#8230;&#8230;1.1-2.2 kW 1 \u00d7 380-480 V AC&#8230;&#8230;&#8230;&#8230;&#8230;&#8230;&#8230;7.5-3.7 kW 3 \u00d7 200-240 [&hellip;]<\/p>\n","protected":false},"featured_media":863,"comment_status":"closed","ping_status":"closed","template":"","meta":[],"product_cat":[47],"product_tag":[],"class_list":{"0":"post-972","1":"product","2":"type-product","3":"status-publish","4":"has-post-thumbnail","6":"product_cat-vlt-serisi-en","7":"has-post-title","8":"has-post-date","9":"has-post-category","10":"has-post-tag","11":"has-post-comment","12":"has-post-author","13":"","15":"first","16":"instock","17":"shipping-taxable","18":"product-type-simple"},"_links":{"self":[{"href":"https:\/\/www.prodrive.com.tr\/en\/wp-json\/wp\/v2\/product\/972","targetHints":{"allow":["GET"]}}],"collection":[{"href":"https:\/\/www.prodrive.com.tr\/en\/wp-json\/wp\/v2\/product"}],"about":[{"href":"https:\/\/www.prodrive.com.tr\/en\/wp-json\/wp\/v2\/types\/product"}],"replies":[{"embeddable":true,"href":"https:\/\/www.prodrive.com.tr\/en\/wp-json\/wp\/v2\/comments?post=972"}],"wp:featuredmedia":[{"embeddable":true,"href":"https:\/\/www.prodrive.com.tr\/en\/wp-json\/wp\/v2\/media\/863"}],"wp:attachment":[{"href":"https:\/\/www.prodrive.com.tr\/en\/wp-json\/wp\/v2\/media?parent=972"}],"wp:term":[{"taxonomy":"product_cat","embeddable":true,"href":"https:\/\/www.prodrive.com.tr\/en\/wp-json\/wp\/v2\/product_cat?post=972"},{"taxonomy":"product_tag","embeddable":true,"href":"https:\/\/www.prodrive.com.tr\/en\/wp-json\/wp\/v2\/product_tag?post=972"}],"curies":[{"name":"wp","href":"https:\/\/api.w.org\/{rel}","templated":true}]}}