{"id":979,"date":"2024-05-20T15:01:36","date_gmt":"2024-05-20T12:01:36","guid":{"rendered":"https:\/\/www.prodrive.com.tr\/urunler\/uncategorized\/vlt-advanced-harmonic-filter-ahf-005-010\/"},"modified":"2024-07-29T14:55:07","modified_gmt":"2024-07-29T11:55:07","slug":"vlt-advanced-harmonic-filter-ahf-005-010","status":"publish","type":"product","link":"https:\/\/www.prodrive.com.tr\/en\/urun\/vlt-advanced-harmonic-filter-ahf-005-010\/","title":{"rendered":"VLT\u00ae Advanced Harmonic Filter AHF 005\/010"},"content":{"rendered":"<p>Harmonik ltreler VLT\u00ae s\u00fcr\u00fcc\u00fcleriyle kullan\u0131lmas\u0131 a\u00e7\u0131s\u0131ndan ilave fonksiyonlarla tasarlanm\u0131\u015ft\u0131r. Filtre, bir AC s\u00fcr\u00fcc\u00fcs\u00fcne ba\u011flan\u0131ld\u0131\u011f\u0131nda sisteme toplam ak\u0131m harmoni\u011fini %5\u2019i veya %10\u2019a d\u00fc\u015f\u00fcrecek \u015fekilde azalt\u0131l\u0131r.<\/p>\n<h6><strong>G\u00fc\u00e7 Aral\u0131\u011f\u0131<\/strong><\/h6>\n<p>3 x 400-500V&#8230;&#8230;&#8230;&#8230;&#8230;&#8230;&#8230;&#8230;&#8230;190-400 A<br \/>\n3 x 380-690 V&#8230;&#8230;&#8230;&#8230;&#8230;&#8230;&#8230;&#8230;&#8230;10-400 A*<\/p>\n<p><em>*Daha y\u00fcksek g\u00fc\u00e7ler i\u00e7in paralel ba\u011flant\u0131.<\/em><\/p>\n<h6><strong>Teknik d\u00f6k\u00fcmanlar<\/strong><\/h6>\n<p>Teknik detay i\u00e7in ileti\u015fime ge\u00e7menizi rica ederiz.<\/p>\n<h6><strong>IP koruma s\u0131n\u0131f\u0131<\/strong><\/h6>\n<p>Standart&#8230;&#8230;&#8230;&#8230;&#8230;&#8230;&#8230;&#8230;&#8230;IP20<br \/>\nOpsiyonel&#8230;&#8230;&#8230;&#8230;&#8230;&#8230;&#8230;&#8230;.IP00<\/p>\n<p><!--themify_builder_static--><!--\/themify_builder_static--><\/p>\n","protected":false},"excerpt":{"rendered":"<p>Harmonik ltreler VLT\u00ae s\u00fcr\u00fcc\u00fcleriyle kullan\u0131lmas\u0131 a\u00e7\u0131s\u0131ndan ilave fonksiyonlarla tasarlanm\u0131\u015ft\u0131r. Filtre, bir AC s\u00fcr\u00fcc\u00fcs\u00fcne ba\u011flan\u0131ld\u0131\u011f\u0131nda sisteme toplam ak\u0131m harmoni\u011fini %5\u2019i veya %10\u2019a d\u00fc\u015f\u00fcrecek \u015fekilde azalt\u0131l\u0131r. G\u00fc\u00e7 Aral\u0131\u011f\u0131 3 x 400-500V&#8230;&#8230;&#8230;&#8230;&#8230;&#8230;&#8230;&#8230;&#8230;190-400 A 3 x 380-690 V&#8230;&#8230;&#8230;&#8230;&#8230;&#8230;&#8230;&#8230;&#8230;10-400 A* *Daha y\u00fcksek g\u00fc\u00e7ler i\u00e7in paralel ba\u011flant\u0131. Teknik d\u00f6k\u00fcmanlar Teknik detay i\u00e7in ileti\u015fime ge\u00e7menizi rica ederiz. IP koruma s\u0131n\u0131f\u0131 Standart&#8230;&#8230;&#8230;&#8230;&#8230;&#8230;&#8230;&#8230;&#8230;IP20 Opsiyonel&#8230;&#8230;&#8230;&#8230;&#8230;&#8230;&#8230;&#8230;.IP00<\/p>\n","protected":false},"featured_media":861,"comment_status":"closed","ping_status":"closed","template":"","meta":[],"product_cat":[47],"product_tag":[],"class_list":{"0":"post-979","1":"product","2":"type-product","3":"status-publish","4":"has-post-thumbnail","6":"product_cat-vlt-serisi-en","7":"has-post-title","8":"has-post-date","9":"has-post-category","10":"has-post-tag","11":"has-post-comment","12":"has-post-author","13":"","15":"first","16":"instock","17":"shipping-taxable","18":"product-type-simple"},"_links":{"self":[{"href":"https:\/\/www.prodrive.com.tr\/en\/wp-json\/wp\/v2\/product\/979","targetHints":{"allow":["GET"]}}],"collection":[{"href":"https:\/\/www.prodrive.com.tr\/en\/wp-json\/wp\/v2\/product"}],"about":[{"href":"https:\/\/www.prodrive.com.tr\/en\/wp-json\/wp\/v2\/types\/product"}],"replies":[{"embeddable":true,"href":"https:\/\/www.prodrive.com.tr\/en\/wp-json\/wp\/v2\/comments?post=979"}],"wp:featuredmedia":[{"embeddable":true,"href":"https:\/\/www.prodrive.com.tr\/en\/wp-json\/wp\/v2\/media\/861"}],"wp:attachment":[{"href":"https:\/\/www.prodrive.com.tr\/en\/wp-json\/wp\/v2\/media?parent=979"}],"wp:term":[{"taxonomy":"product_cat","embeddable":true,"href":"https:\/\/www.prodrive.com.tr\/en\/wp-json\/wp\/v2\/product_cat?post=979"},{"taxonomy":"product_tag","embeddable":true,"href":"https:\/\/www.prodrive.com.tr\/en\/wp-json\/wp\/v2\/product_tag?post=979"}],"curies":[{"name":"wp","href":"https:\/\/api.w.org\/{rel}","templated":true}]}}