{"id":994,"date":"2024-05-20T15:06:54","date_gmt":"2024-05-20T12:06:54","guid":{"rendered":"https:\/\/www.prodrive.com.tr\/urunler\/uncategorized\/vlt-yazilim\/"},"modified":"2024-07-29T17:46:17","modified_gmt":"2024-07-29T14:46:17","slug":"vlt-yazilim","status":"publish","type":"product","link":"https:\/\/www.prodrive.com.tr\/en\/urun\/vlt-yazilim\/","title":{"rendered":"VLT Software"},"content":{"rendered":"<p>The VLT\u00ae Motion Control Tool MCT 10 is a Windows-based engineering tool providing an instant overview of all VLT\u00ae AC drives in a system through an intuitive interface.<\/p>\n<h6><strong>Technical Information<\/strong><\/h6>\n<p>For detailed technical information and document requests, please contact us.<\/p>\n<h6><strong>VLT\u00ae Energy Box<\/strong><\/h6>\n<p>Calculates the energy consumption of HVAC applications controlled by VLT\u00ae drives and compares it with more efficient system methods through airflow optimization.<\/p>\n<h6><strong>VLT\u00ae Motion Control Tool MCT 31<\/strong><\/h6>\n<p>Allows for easy monitoring of loads and phase conditions on AC drives, helping to take appropriate measures to correct system harmonics in advance.<\/p>\n<h6><strong>Technical Documents<\/strong><\/h6>\n<p>For detailed technical information and document requests, please contact us.<\/p>\n<p>VLT\u00ae Motion Control Tool MCT 10, bir sistemde bulunan t\u00fcm boyutlardaki VLT\u00ae AC s\u00fcr\u00fcc\u00fclerin tamam\u0131na y\u00f6nelik anl\u0131k bir genel bak\u0131\u015f sa\u011flayan anla\u015f\u0131l\u0131r bir aray\u00fcze sahip windows tabanl\u0131 bir m\u00fchendislik arac\u0131d\u0131r.<\/p>\n","protected":false},"excerpt":{"rendered":"<p>The VLT\u00ae Motion Control Tool MCT 10 is a Windows-based engineering tool providing an instant overview of all VLT\u00ae AC drives in a system through an intuitive interface. Technical Information For detailed technical information and document requests, please contact us. VLT\u00ae Energy Box Calculates the energy consumption of HVAC applications controlled by VLT\u00ae drives and [&hellip;]<\/p>\n","protected":false},"featured_media":871,"comment_status":"open","ping_status":"closed","template":"","meta":[],"product_cat":[49],"product_tag":[],"class_list":{"0":"post-994","1":"product","2":"type-product","3":"status-publish","4":"has-post-thumbnail","6":"product_cat-vlt-yazilim-en","7":"has-post-title","8":"has-post-date","9":"has-post-category","10":"has-post-tag","11":"has-post-comment","12":"has-post-author","13":"","15":"first","16":"instock","17":"shipping-taxable","18":"product-type-simple"},"_links":{"self":[{"href":"https:\/\/www.prodrive.com.tr\/en\/wp-json\/wp\/v2\/product\/994","targetHints":{"allow":["GET"]}}],"collection":[{"href":"https:\/\/www.prodrive.com.tr\/en\/wp-json\/wp\/v2\/product"}],"about":[{"href":"https:\/\/www.prodrive.com.tr\/en\/wp-json\/wp\/v2\/types\/product"}],"replies":[{"embeddable":true,"href":"https:\/\/www.prodrive.com.tr\/en\/wp-json\/wp\/v2\/comments?post=994"}],"wp:featuredmedia":[{"embeddable":true,"href":"https:\/\/www.prodrive.com.tr\/en\/wp-json\/wp\/v2\/media\/871"}],"wp:attachment":[{"href":"https:\/\/www.prodrive.com.tr\/en\/wp-json\/wp\/v2\/media?parent=994"}],"wp:term":[{"taxonomy":"product_cat","embeddable":true,"href":"https:\/\/www.prodrive.com.tr\/en\/wp-json\/wp\/v2\/product_cat?post=994"},{"taxonomy":"product_tag","embeddable":true,"href":"https:\/\/www.prodrive.com.tr\/en\/wp-json\/wp\/v2\/product_tag?post=994"}],"curies":[{"name":"wp","href":"https:\/\/api.w.org\/{rel}","templated":true}]}}